{"id":1580,"date":"2020-02-04T19:01:51","date_gmt":"2020-02-04T19:01:51","guid":{"rendered":"http:\/\/northernmicro.wpengine.com\/digital-infrastructure\/"},"modified":"2020-04-21T16:00:27","modified_gmt":"2020-04-21T16:00:27","slug":"infrastructure-numerique","status":"publish","type":"page","link":"https:\/\/northernmicro.com\/fr\/infrastructure-numerique\/","title":{"rendered":"Infrastructure num\u00e9rique"},"content":{"rendered":"","protected":false},"excerpt":{"rendered":"","protected":false},"author":1,"featured_media":0,"parent":0,"menu_order":0,"comment_status":"closed","ping_status":"closed","template":"template-solutions.php","meta":{"_acf_changed":false,"footnotes":""},"class_list":["post-1580","page","type-page","status-publish","hentry"],"acf":[],"yoast_head":"<!-- This site is optimized with the Yoast SEO plugin v27.3 - https:\/\/yoast.com\/product\/yoast-seo-wordpress\/ -->\n<title>Infrastructure num\u00e9rique - Northern Micro<\/title>\n<meta name=\"description\" content=\"Solutions sur mesure en informatique, de r\u00e9seau, de centre de donn\u00e9es, de convergence, d&#039;hyperconvergence et en nuage.\" \/>\n<meta name=\"robots\" content=\"index, follow, max-snippet:-1, max-image-preview:large, max-video-preview:-1\" \/>\n<link rel=\"canonical\" href=\"https:\/\/northernmicro.com\/fr\/infrastructure-numerique\/\" \/>\n<meta property=\"og:locale\" content=\"fr_FR\" \/>\n<meta property=\"og:type\" content=\"article\" \/>\n<meta property=\"og:title\" content=\"Infrastructure num\u00e9rique - Northern Micro\" \/>\n<meta property=\"og:description\" content=\"Solutions sur mesure en informatique, de r\u00e9seau, de centre de donn\u00e9es, de convergence, d&#039;hyperconvergence et en nuage.\" \/>\n<meta property=\"og:url\" content=\"https:\/\/northernmicro.com\/fr\/infrastructure-numerique\/\" \/>\n<meta property=\"og:site_name\" content=\"Northern Micro\" \/>\n<meta property=\"article:modified_time\" content=\"2020-04-21T16:00:27+00:00\" \/>\n<meta name=\"twitter:card\" content=\"summary_large_image\" \/>\n<script type=\"application\/ld+json\" class=\"yoast-schema-graph\">{\"@context\":\"https:\\\/\\\/schema.org\",\"@graph\":[{\"@type\":\"WebPage\",\"@id\":\"https:\\\/\\\/northernmicro.com\\\/fr\\\/infrastructure-numerique\\\/\",\"url\":\"https:\\\/\\\/northernmicro.com\\\/fr\\\/infrastructure-numerique\\\/\",\"name\":\"Infrastructure num\u00e9rique - Northern Micro\",\"isPartOf\":{\"@id\":\"https:\\\/\\\/northernmicro.com\\\/fr\\\/#website\"},\"datePublished\":\"2020-02-04T19:01:51+00:00\",\"dateModified\":\"2020-04-21T16:00:27+00:00\",\"description\":\"Solutions sur mesure en informatique, de r\u00e9seau, de centre de donn\u00e9es, de convergence, d'hyperconvergence et en nuage.\",\"breadcrumb\":{\"@id\":\"https:\\\/\\\/northernmicro.com\\\/fr\\\/infrastructure-numerique\\\/#breadcrumb\"},\"inLanguage\":\"fr-FR\",\"potentialAction\":[{\"@type\":\"ReadAction\",\"target\":[\"https:\\\/\\\/northernmicro.com\\\/fr\\\/infrastructure-numerique\\\/\"]}]},{\"@type\":\"BreadcrumbList\",\"@id\":\"https:\\\/\\\/northernmicro.com\\\/fr\\\/infrastructure-numerique\\\/#breadcrumb\",\"itemListElement\":[{\"@type\":\"ListItem\",\"position\":1,\"name\":\"Home\",\"item\":\"https:\\\/\\\/northernmicro.com\\\/fr\\\/\"},{\"@type\":\"ListItem\",\"position\":2,\"name\":\"Infrastructure num\u00e9rique\"}]},{\"@type\":\"WebSite\",\"@id\":\"https:\\\/\\\/northernmicro.com\\\/fr\\\/#website\",\"url\":\"https:\\\/\\\/northernmicro.com\\\/fr\\\/\",\"name\":\"Northern Micro\",\"description\":\"\",\"potentialAction\":[{\"@type\":\"SearchAction\",\"target\":{\"@type\":\"EntryPoint\",\"urlTemplate\":\"https:\\\/\\\/northernmicro.com\\\/fr\\\/?s={search_term_string}\"},\"query-input\":{\"@type\":\"PropertyValueSpecification\",\"valueRequired\":true,\"valueName\":\"search_term_string\"}}],\"inLanguage\":\"fr-FR\"}]}<\/script>\n<!-- \/ Yoast SEO plugin. -->","yoast_head_json":{"title":"Infrastructure num\u00e9rique - Northern Micro","description":"Solutions sur mesure en informatique, de r\u00e9seau, de centre de donn\u00e9es, de convergence, d'hyperconvergence et en nuage.","robots":{"index":"index","follow":"follow","max-snippet":"max-snippet:-1","max-image-preview":"max-image-preview:large","max-video-preview":"max-video-preview:-1"},"canonical":"https:\/\/northernmicro.com\/fr\/infrastructure-numerique\/","og_locale":"fr_FR","og_type":"article","og_title":"Infrastructure num\u00e9rique - Northern Micro","og_description":"Solutions sur mesure en informatique, de r\u00e9seau, de centre de donn\u00e9es, de convergence, d'hyperconvergence et en nuage.","og_url":"https:\/\/northernmicro.com\/fr\/infrastructure-numerique\/","og_site_name":"Northern Micro","article_modified_time":"2020-04-21T16:00:27+00:00","twitter_card":"summary_large_image","schema":{"@context":"https:\/\/schema.org","@graph":[{"@type":"WebPage","@id":"https:\/\/northernmicro.com\/fr\/infrastructure-numerique\/","url":"https:\/\/northernmicro.com\/fr\/infrastructure-numerique\/","name":"Infrastructure num\u00e9rique - Northern Micro","isPartOf":{"@id":"https:\/\/northernmicro.com\/fr\/#website"},"datePublished":"2020-02-04T19:01:51+00:00","dateModified":"2020-04-21T16:00:27+00:00","description":"Solutions sur mesure en informatique, de r\u00e9seau, de centre de donn\u00e9es, de convergence, d'hyperconvergence et en nuage.","breadcrumb":{"@id":"https:\/\/northernmicro.com\/fr\/infrastructure-numerique\/#breadcrumb"},"inLanguage":"fr-FR","potentialAction":[{"@type":"ReadAction","target":["https:\/\/northernmicro.com\/fr\/infrastructure-numerique\/"]}]},{"@type":"BreadcrumbList","@id":"https:\/\/northernmicro.com\/fr\/infrastructure-numerique\/#breadcrumb","itemListElement":[{"@type":"ListItem","position":1,"name":"Home","item":"https:\/\/northernmicro.com\/fr\/"},{"@type":"ListItem","position":2,"name":"Infrastructure num\u00e9rique"}]},{"@type":"WebSite","@id":"https:\/\/northernmicro.com\/fr\/#website","url":"https:\/\/northernmicro.com\/fr\/","name":"Northern Micro","description":"","potentialAction":[{"@type":"SearchAction","target":{"@type":"EntryPoint","urlTemplate":"https:\/\/northernmicro.com\/fr\/?s={search_term_string}"},"query-input":{"@type":"PropertyValueSpecification","valueRequired":true,"valueName":"search_term_string"}}],"inLanguage":"fr-FR"}]}},"_links":{"self":[{"href":"https:\/\/northernmicro.com\/fr\/wp-json\/wp\/v2\/pages\/1580","targetHints":{"allow":["GET"]}}],"collection":[{"href":"https:\/\/northernmicro.com\/fr\/wp-json\/wp\/v2\/pages"}],"about":[{"href":"https:\/\/northernmicro.com\/fr\/wp-json\/wp\/v2\/types\/page"}],"author":[{"embeddable":true,"href":"https:\/\/northernmicro.com\/fr\/wp-json\/wp\/v2\/users\/1"}],"replies":[{"embeddable":true,"href":"https:\/\/northernmicro.com\/fr\/wp-json\/wp\/v2\/comments?post=1580"}],"version-history":[{"count":0,"href":"https:\/\/northernmicro.com\/fr\/wp-json\/wp\/v2\/pages\/1580\/revisions"}],"wp:attachment":[{"href":"https:\/\/northernmicro.com\/fr\/wp-json\/wp\/v2\/media?parent=1580"}],"curies":[{"name":"wp","href":"https:\/\/api.w.org\/{rel}","templated":true}]}}