{"id":1596,"date":"2020-03-02T20:10:42","date_gmt":"2020-03-02T20:10:42","guid":{"rendered":"http:\/\/northernmicro.wpengine.com\/faqs\/"},"modified":"2020-04-21T16:45:33","modified_gmt":"2020-04-21T16:45:33","slug":"foire-aux-questions","status":"publish","type":"page","link":"https:\/\/northernmicro.com\/fr\/foire-aux-questions\/","title":{"rendered":"Foire aux questions"},"content":{"rendered":"","protected":false},"excerpt":{"rendered":"","protected":false},"author":1,"featured_media":0,"parent":0,"menu_order":0,"comment_status":"closed","ping_status":"closed","template":"template-sidebar.php","meta":{"_acf_changed":false,"footnotes":""},"class_list":["post-1596","page","type-page","status-publish","hentry"],"acf":[],"yoast_head":"<!-- This site is optimized with the Yoast SEO plugin v27.4 - https:\/\/yoast.com\/product\/yoast-seo-wordpress\/ -->\n<title>Foire aux questions - Northern Micro<\/title>\n<meta name=\"description\" content=\"R\u00e9ponses \u00e0 certaines questions d&#039;assistance fr\u00e9quemment pos\u00e9es.\" \/>\n<meta name=\"robots\" content=\"index, follow, max-snippet:-1, max-image-preview:large, max-video-preview:-1\" \/>\n<link rel=\"canonical\" href=\"https:\/\/northernmicro.com\/fr\/foire-aux-questions\/\" \/>\n<meta property=\"og:locale\" content=\"fr_FR\" \/>\n<meta property=\"og:type\" content=\"article\" \/>\n<meta property=\"og:title\" content=\"Foire aux questions - Northern Micro\" \/>\n<meta property=\"og:description\" content=\"R\u00e9ponses \u00e0 certaines questions d&#039;assistance fr\u00e9quemment pos\u00e9es.\" \/>\n<meta property=\"og:url\" content=\"https:\/\/northernmicro.com\/fr\/foire-aux-questions\/\" \/>\n<meta property=\"og:site_name\" content=\"Northern Micro\" \/>\n<meta property=\"article:modified_time\" content=\"2020-04-21T16:45:33+00:00\" \/>\n<meta name=\"twitter:card\" content=\"summary_large_image\" \/>\n<script type=\"application\/ld+json\" class=\"yoast-schema-graph\">{\"@context\":\"https:\\\/\\\/schema.org\",\"@graph\":[{\"@type\":\"WebPage\",\"@id\":\"https:\\\/\\\/northernmicro.com\\\/fr\\\/foire-aux-questions\\\/\",\"url\":\"https:\\\/\\\/northernmicro.com\\\/fr\\\/foire-aux-questions\\\/\",\"name\":\"Foire aux questions - Northern Micro\",\"isPartOf\":{\"@id\":\"https:\\\/\\\/northernmicro.com\\\/fr\\\/#website\"},\"datePublished\":\"2020-03-02T20:10:42+00:00\",\"dateModified\":\"2020-04-21T16:45:33+00:00\",\"description\":\"R\u00e9ponses \u00e0 certaines questions d'assistance fr\u00e9quemment pos\u00e9es.\",\"breadcrumb\":{\"@id\":\"https:\\\/\\\/northernmicro.com\\\/fr\\\/foire-aux-questions\\\/#breadcrumb\"},\"inLanguage\":\"fr-FR\",\"potentialAction\":[{\"@type\":\"ReadAction\",\"target\":[\"https:\\\/\\\/northernmicro.com\\\/fr\\\/foire-aux-questions\\\/\"]}]},{\"@type\":\"BreadcrumbList\",\"@id\":\"https:\\\/\\\/northernmicro.com\\\/fr\\\/foire-aux-questions\\\/#breadcrumb\",\"itemListElement\":[{\"@type\":\"ListItem\",\"position\":1,\"name\":\"Home\",\"item\":\"https:\\\/\\\/northernmicro.com\\\/fr\\\/\"},{\"@type\":\"ListItem\",\"position\":2,\"name\":\"Foire aux questions\"}]},{\"@type\":\"WebSite\",\"@id\":\"https:\\\/\\\/northernmicro.com\\\/fr\\\/#website\",\"url\":\"https:\\\/\\\/northernmicro.com\\\/fr\\\/\",\"name\":\"Northern Micro\",\"description\":\"\",\"potentialAction\":[{\"@type\":\"SearchAction\",\"target\":{\"@type\":\"EntryPoint\",\"urlTemplate\":\"https:\\\/\\\/northernmicro.com\\\/fr\\\/?s={search_term_string}\"},\"query-input\":{\"@type\":\"PropertyValueSpecification\",\"valueRequired\":true,\"valueName\":\"search_term_string\"}}],\"inLanguage\":\"fr-FR\"}]}<\/script>\n<!-- \/ Yoast SEO plugin. -->","yoast_head_json":{"title":"Foire aux questions - Northern Micro","description":"R\u00e9ponses \u00e0 certaines questions d'assistance fr\u00e9quemment pos\u00e9es.","robots":{"index":"index","follow":"follow","max-snippet":"max-snippet:-1","max-image-preview":"max-image-preview:large","max-video-preview":"max-video-preview:-1"},"canonical":"https:\/\/northernmicro.com\/fr\/foire-aux-questions\/","og_locale":"fr_FR","og_type":"article","og_title":"Foire aux questions - Northern Micro","og_description":"R\u00e9ponses \u00e0 certaines questions d'assistance fr\u00e9quemment pos\u00e9es.","og_url":"https:\/\/northernmicro.com\/fr\/foire-aux-questions\/","og_site_name":"Northern Micro","article_modified_time":"2020-04-21T16:45:33+00:00","twitter_card":"summary_large_image","schema":{"@context":"https:\/\/schema.org","@graph":[{"@type":"WebPage","@id":"https:\/\/northernmicro.com\/fr\/foire-aux-questions\/","url":"https:\/\/northernmicro.com\/fr\/foire-aux-questions\/","name":"Foire aux questions - Northern Micro","isPartOf":{"@id":"https:\/\/northernmicro.com\/fr\/#website"},"datePublished":"2020-03-02T20:10:42+00:00","dateModified":"2020-04-21T16:45:33+00:00","description":"R\u00e9ponses \u00e0 certaines questions d'assistance fr\u00e9quemment pos\u00e9es.","breadcrumb":{"@id":"https:\/\/northernmicro.com\/fr\/foire-aux-questions\/#breadcrumb"},"inLanguage":"fr-FR","potentialAction":[{"@type":"ReadAction","target":["https:\/\/northernmicro.com\/fr\/foire-aux-questions\/"]}]},{"@type":"BreadcrumbList","@id":"https:\/\/northernmicro.com\/fr\/foire-aux-questions\/#breadcrumb","itemListElement":[{"@type":"ListItem","position":1,"name":"Home","item":"https:\/\/northernmicro.com\/fr\/"},{"@type":"ListItem","position":2,"name":"Foire aux questions"}]},{"@type":"WebSite","@id":"https:\/\/northernmicro.com\/fr\/#website","url":"https:\/\/northernmicro.com\/fr\/","name":"Northern Micro","description":"","potentialAction":[{"@type":"SearchAction","target":{"@type":"EntryPoint","urlTemplate":"https:\/\/northernmicro.com\/fr\/?s={search_term_string}"},"query-input":{"@type":"PropertyValueSpecification","valueRequired":true,"valueName":"search_term_string"}}],"inLanguage":"fr-FR"}]}},"_links":{"self":[{"href":"https:\/\/northernmicro.com\/fr\/wp-json\/wp\/v2\/pages\/1596","targetHints":{"allow":["GET"]}}],"collection":[{"href":"https:\/\/northernmicro.com\/fr\/wp-json\/wp\/v2\/pages"}],"about":[{"href":"https:\/\/northernmicro.com\/fr\/wp-json\/wp\/v2\/types\/page"}],"author":[{"embeddable":true,"href":"https:\/\/northernmicro.com\/fr\/wp-json\/wp\/v2\/users\/1"}],"replies":[{"embeddable":true,"href":"https:\/\/northernmicro.com\/fr\/wp-json\/wp\/v2\/comments?post=1596"}],"version-history":[{"count":0,"href":"https:\/\/northernmicro.com\/fr\/wp-json\/wp\/v2\/pages\/1596\/revisions"}],"wp:attachment":[{"href":"https:\/\/northernmicro.com\/fr\/wp-json\/wp\/v2\/media?parent=1596"}],"curies":[{"name":"wp","href":"https:\/\/api.w.org\/{rel}","templated":true}]}}